{"id":1059,"date":"2026-02-03T04:52:20","date_gmt":"2026-02-03T04:52:20","guid":{"rendered":"https:\/\/iglesiafamiliadefe.org\/nuevo\/?page_id=1059"},"modified":"2026-04-02T06:04:29","modified_gmt":"2026-04-02T06:04:29","slug":"dar","status":"publish","type":"page","link":"https:\/\/iglesiafamiliadefe.org\/index.php\/dar\/","title":{"rendered":"Dar"},"content":{"rendered":"<div class=\"et_pb_section_0 et_pb_section et_section_regular et_block_section\">\n<div class=\"et_pb_row_0 et_pb_row et_flex_row\">\n<div class=\"et_pb_column_0 et_pb_column et_flex_column et_pb_css_mix_blend_mode_passthrough et_flex_column_12_24 et_flex_column_24_24_phone\">\n<div class=\"et_pb_text_0 et_pb_text et_pb_bg_layout_light et_pb_module et_flex_module\"><div class=\"et_pb_text_inner\"><div id=\"comp-lrn31mzf\" class=\"Z_l5lU ku3DBC zQ9jDz qvSjx3 Vq6kJx comp-lrn31mzf wixui-rich-text\" data-testid=\"richTextElement\">\n<h5 class=\"font_5 wixui-rich-text__text\">\u00bfPor qu\u00e9 damos?<\/h5>\n<p style=\"text-align: justify;\">\u00a0<\/p>\n<p class=\"font_7 wixui-rich-text__text\" style=\"text-align: justify;\"><span class=\"wixui-rich-text__text\">Damos porque reconocemos la generosidad abundante del Se\u00f1or en nuestras vidas.\u00a0Aunque no consideramos el diezmo como obligatorio, entendemos que es un punto de partida para practicar la generosidad.<\/span><\/p>\n<p class=\"font_7 wixui-rich-text__text\" style=\"text-align: justify;\"><span class=\"wixui-rich-text__text\">Siguiendo el ejemplo de Cristo, que nos dio todo, podemos compartir lo que tenemos para continuar la obra del evangelio.<\/span><\/p>\n<\/div>\n<\/div><\/div>\n<\/div>\n\n<div class=\"et_pb_column_1 et_pb_column et-last-child et_flex_column et_pb_column_empty et_pb_css_mix_blend_mode_passthrough et_flex_column_12_24 et_flex_column_24_24_phone\"><\/div>\n<\/div>\n<\/div>\n\n<div class=\"et_pb_section_1 et_pb_section et_section_regular et_flex_section\">\n<div class=\"et_pb_row_1 et_pb_row et_flex_row\">\n<div class=\"et_pb_column_2 et_pb_column et-last-child et_flex_column et_pb_css_mix_blend_mode_passthrough et_flex_column_24_24\">\n<div class=\"et_pb_text_1 et_pb_text et_pb_bg_layout_light et_pb_module et_flex_module\"><div class=\"et_pb_text_inner\"><div id=\"comp-lrn31mzf\" class=\"Z_l5lU ku3DBC zQ9jDz qvSjx3 Vq6kJx comp-lrn31mzf wixui-rich-text\" data-testid=\"richTextElement\">\n<h5 class=\"font_5 wixui-rich-text__text\">Formas de dar<\/h5>\n<\/div>\n<\/div><\/div>\n<\/div>\n<\/div>\n\n<div class=\"et_pb_row_2 et_pb_row et_flex_row\">\n<div class=\"et_pb_column_3 et_pb_column et_flex_column et_pb_css_mix_blend_mode_passthrough et_flex_column_12_24 et_flex_column_24_24_phone\">\n<div class=\"et_pb_blurb_0 et_pb_blurb et_pb_bg_layout_light et_pb_text_align_center et_pb_blurb_position_top et_pb_module et_flex_module\"><div class=\"et_pb_blurb_content et_flex_module\"><div class=\"et_pb_main_blurb_image\"><span class=\"et_pb_image_wrap\"><span class=\"et-pb-icon et-waypoint et_pb_animation_top et_pb_animation_top_tablet et_pb_animation_top_phone\">\ue0d8<\/span><\/span><\/div><div class=\"et_pb_blurb_container\"><h4 class=\"et_pb_module_header\">EN EFECTIVO<\/h4><div class=\"et_pb_blurb_description\"><div id=\"comp-ltqxtnvt\" class=\"Z_l5lU ku3DBC zQ9jDz qvSjx3 Vq6kJx comp-ltqxtnvt wixui-rich-text\" data-testid=\"richTextElement\">\n<p class=\"font_7 wixui-rich-text__text\" style=\"text-align: justify;\"><span class=\"wixui-rich-text__text\">Durante la reuni\u00f3n, tendr\u00e1s la oportunidad de contribuir; tomando un sobre y depositando tu diezmo u ofrenda en el caj\u00f3n. Nuestras contribuciones ayudan a mantener la predicaci\u00f3n y la expansi\u00f3n de la iglesia, as\u00ed como a apoyar a aquellos en necesidad.<\/span><\/p>\n<\/div>\n<div id=\"comp-ltqxx4x3\" class=\"Z_l5lU ku3DBC zQ9jDz qvSjx3 Vq6kJx comp-ltqxx4x3 wixui-rich-text\" data-testid=\"richTextElement\"><\/div>\n<\/div><\/div><\/div><\/div>\n<\/div>\n\n<div class=\"et_pb_column_4 et_pb_column et-last-child et_flex_column et_pb_css_mix_blend_mode_passthrough et_flex_column_12_24 et_flex_column_24_24_phone\">\n<div class=\"et_pb_blurb_1 et_pb_blurb et_pb_bg_layout_light et_pb_text_align_center et_pb_blurb_position_top et_pb_module et_flex_module\"><div class=\"et_pb_blurb_content et_flex_module\"><div class=\"et_pb_main_blurb_image\"><span class=\"et_pb_image_wrap\"><span class=\"et-pb-icon et-waypoint et_pb_animation_top et_pb_animation_top_tablet et_pb_animation_top_phone\">\uf3cd<\/span><\/span><\/div><div class=\"et_pb_blurb_container\"><h4 class=\"et_pb_module_header\">TRANSFERENCIA<\/h4><div class=\"et_pb_blurb_description\"><div id=\"comp-ltqxtnvt\" class=\"Z_l5lU ku3DBC zQ9jDz qvSjx3 Vq6kJx comp-ltqxtnvt wixui-rich-text\" data-testid=\"richTextElement\">\n<p class=\"font_8 wixui-rich-text__text\" style=\"text-align: justify;\"><span class=\"wixui-rich-text__text\">Realiza una transferencia a nuestra cuenta en BBVA M\u00e9xico.<\/span><\/p>\n<p class=\"font_8 wixui-rich-text__text\" style=\"text-align: justify;\"><span class=\"wixui-rich-text__text\"><strong>CUENTA:<\/strong> 0123108651<br \/><\/span><span class=\"wixui-rich-text__text\"><strong>CLABE:<\/strong> 012580001231086517<\/span><\/p>\n<\/div>\n<\/div><\/div><\/div><\/div>\n<\/div>\n<\/div>\n<\/div>","protected":false},"excerpt":{"rendered":"","protected":false},"author":2,"featured_media":0,"parent":0,"menu_order":0,"comment_status":"closed","ping_status":"closed","template":"","meta":{"footnotes":""},"class_list":["post-1059","page","type-page","status-publish","hentry"],"_links":{"self":[{"href":"https:\/\/iglesiafamiliadefe.org\/index.php\/wp-json\/wp\/v2\/pages\/1059","targetHints":{"allow":["GET"]}}],"collection":[{"href":"https:\/\/iglesiafamiliadefe.org\/index.php\/wp-json\/wp\/v2\/pages"}],"about":[{"href":"https:\/\/iglesiafamiliadefe.org\/index.php\/wp-json\/wp\/v2\/types\/page"}],"author":[{"embeddable":true,"href":"https:\/\/iglesiafamiliadefe.org\/index.php\/wp-json\/wp\/v2\/users\/2"}],"replies":[{"embeddable":true,"href":"https:\/\/iglesiafamiliadefe.org\/index.php\/wp-json\/wp\/v2\/comments?post=1059"}],"version-history":[{"count":6,"href":"https:\/\/iglesiafamiliadefe.org\/index.php\/wp-json\/wp\/v2\/pages\/1059\/revisions"}],"predecessor-version":[{"id":1346,"href":"https:\/\/iglesiafamiliadefe.org\/index.php\/wp-json\/wp\/v2\/pages\/1059\/revisions\/1346"}],"wp:attachment":[{"href":"https:\/\/iglesiafamiliadefe.org\/index.php\/wp-json\/wp\/v2\/media?parent=1059"}],"curies":[{"name":"wp","href":"https:\/\/api.w.org\/{rel}","templated":true}]}}