{"id":1382,"date":"2026-04-03T22:09:01","date_gmt":"2026-04-03T22:09:01","guid":{"rendered":"https:\/\/iglesiafamiliadefe.org\/?page_id=1382"},"modified":"2026-04-04T08:28:13","modified_gmt":"2026-04-04T08:28:13","slug":"recursos-y-ensenanzas","status":"publish","type":"page","link":"https:\/\/iglesiafamiliadefe.org\/index.php\/recursos-y-ensenanzas\/","title":{"rendered":"Recursos"},"content":{"rendered":"<div class=\"et_pb_section_0 et_pb_section et_section_regular et_block_section\">\n<div class=\"et_pb_row_0 et_pb_row et_pb_gutters3 et_block_row\">\n<div class=\"et_pb_column_0 et_pb_column et_pb_column_4_4 et-last-child et_block_column et_pb_css_mix_blend_mode_passthrough\">\n<div class=\"et_pb_text_0 et_pb_text et_pb_bg_layout_light et_pb_module et_flex_module\"><div class=\"et_pb_text_inner\"><h1><strong>Recursos para la <span style=\"color: #fcbc2b;\"><em><span style=\"font-family: Enriqueta;\">iglesia<\/span><\/em><\/span><\/strong><\/h1>\n<\/div><\/div>\n\n<div class=\"et_pb_text_1 et_pb_text et_pb_bg_layout_light et_pb_module et_flex_module\"><div class=\"et_pb_text_inner\"><p>Equip\u00e1ndote para vivir el evangelio en cada \u00e1rea de tu vida.<\/p>\n<\/div><\/div>\n\n<div class=\"et_pb_heading_0 et_pb_heading et_pb_module et_flex_module\"><div class=\"et_pb_heading_container\"><h1 class=\"et_pb_module_header\">Series Expositivas<\/h1><\/div><\/div>\n<\/div>\n<\/div>\n\n<div class=\"et_pb_row_1 et_pb_row et_flex_row\">\n<div class=\"et_pb_column_1 et_pb_column et-last-child et_flex_column et_pb_css_mix_blend_mode_passthrough et_flex_column_24_24\">\n<div class=\"et_pb_image_0 et_pb_image et_pb_module et_flex_module\"><span class=\"et_pb_image_wrap\"><img loading=\"lazy\" decoding=\"async\" src=\"https:\/\/iglesiafamiliadefe.org\/wp-content\/uploads\/2026\/04\/portada-facebook.jpg\" title=\"portada facebook\" width=\"2048\" height=\"1152\" srcset=\"https:\/\/iglesiafamiliadefe.org\/wp-content\/uploads\/2026\/04\/portada-facebook.jpg 2048w, https:\/\/iglesiafamiliadefe.org\/wp-content\/uploads\/2026\/04\/portada-facebook-1280x720.jpg 1280w, https:\/\/iglesiafamiliadefe.org\/wp-content\/uploads\/2026\/04\/portada-facebook-980x551.jpg 980w, https:\/\/iglesiafamiliadefe.org\/wp-content\/uploads\/2026\/04\/portada-facebook-480x270.jpg 480w\" sizes=\"(min-width: 0px) and (max-width: 480px) 480px, (min-width: 481px) and (max-width: 980px) 980px, (min-width: 981px) and (max-width: 1280px) 1280px, (min-width: 1281px) 2048px, 100vw\" class=\"wp-image-1390\" \/><\/span><\/div>\n\n<div class=\"et_pb_heading_1 et_pb_heading et_pb_module et_flex_module\"><div class=\"et_pb_heading_container\"><h1 class=\"et_pb_module_header\" data-et-mv-hidden-tablet=\"true\" data-et-mv-hidden-phone=\"true\">Para Su Gloria<\/h1><\/div><\/div>\n\n<div class=\"et_pb_text_2 et_pb_text et_pb_bg_layout_light et_pb_module et_flex_module\"><div class=\"et_pb_text_inner\" data-et-mv-hidden-tablet=\"true\"><p style=\"text-align: justify;\">Esta carta deber\u00eda ser algo en lo que meditamos continuamente. Creemos que es relevante para nosotros el d\u00eda de hoy.<br \/>Esta es una carta saturada del Evangelio de Jesucristo, nos recuerda la importancia de compartirlo y es edifiante para la iglesia porque somos capacitados para vivir seg\u00fan este evangelio.<\/p>\n<p style=\"text-align: justify;\">\u00a1Comparte con nosotros esta inmersi\u00f3n en la carta a los romanos por medio de esta serie expositiva!<\/p>\n<\/div><\/div>\n\n<div class=\"et_pb_module et_pb_button_module_wrapper et_pb_button_0_wrapper\"><a class=\"et_pb_button_0 et_pb_button et_pb_bg_layout_light et_pb_module et_flex_module\" href=\"https:\/\/youtube.com\/playlist?list=PL192JEKd0e_6GEFO5jabF8I4Rvvi2PSSH&#038;si=p4L_6y4Z6fZ8EARy\">Encu\u00e9ntranos en YouTube<\/a><\/div>\n\n<div class=\"et_pb_text_3 et_pb_text et_pb_bg_layout_light et_pb_module et_flex_module\"><div class=\"et_pb_text_inner\"><h1 class=\"et_pb_module_header\" data-et-vb-editable-element=\"true\" contenteditable=\"true\"><strong><span style=\"color: #fcbc2b; font-family: Enriqueta;\"><em>Podcast<\/em> <\/span>&#8211; Hablemos del Serm\u00f3n<\/strong><\/h1>\n<\/div><\/div>\n\n<div class=\"et_pb_image_1 et_pb_image et_pb_module et_flex_module\"><span class=\"et_pb_image_wrap\"><img loading=\"lazy\" decoding=\"async\" src=\"https:\/\/iglesiafamiliadefe.org\/wp-content\/uploads\/2026\/04\/Diseno-sin-titulo-8.png\" title=\"Dise\u00f1o sin t\u00edtulo (8)\" width=\"1920\" height=\"1080\" srcset=\"https:\/\/iglesiafamiliadefe.org\/wp-content\/uploads\/2026\/04\/Diseno-sin-titulo-8.png 1920w, https:\/\/iglesiafamiliadefe.org\/wp-content\/uploads\/2026\/04\/Diseno-sin-titulo-8-1280x720.png 1280w, https:\/\/iglesiafamiliadefe.org\/wp-content\/uploads\/2026\/04\/Diseno-sin-titulo-8-980x551.png 980w, https:\/\/iglesiafamiliadefe.org\/wp-content\/uploads\/2026\/04\/Diseno-sin-titulo-8-480x270.png 480w\" sizes=\"(min-width: 0px) and (max-width: 480px) 480px, (min-width: 481px) and (max-width: 980px) 980px, (min-width: 981px) and (max-width: 1280px) 1280px, (min-width: 1281px) 1920px, 100vw\" class=\"wp-image-1400\" \/><\/span><\/div>\n\n<div class=\"et_pb_text_4 et_pb_text et_pb_bg_layout_light et_pb_module et_flex_module\"><div class=\"et_pb_text_inner\"><p style=\"text-align: justify;\">Este podcast es un espacio pensado para que, como familia de fe, sigamos creciendo juntos. Aqu\u00ed retomamos los principios y aplicaciones de nuestro \u00faltimo serm\u00f3n para profundizar en ellos y descubrir c\u00f3mo vivirlos en el d\u00eda a d\u00eda.<\/p>\n<p style=\"text-align: justify;\">Un recurso sencillo y pr\u00e1ctico dedicado a la edificaci\u00f3n y capacitaci\u00f3n de nuestra iglesia. \u00a1Acomp\u00e1\u00f1anos a llevar la Palabra del p\u00falpito a la vida diaria!<\/p>\n<\/div><\/div>\n\n<div class=\"et_pb_module et_pb_button_module_wrapper et_pb_button_1_wrapper\"><a class=\"et_pb_button_1 et_pb_button et_pb_bg_layout_light et_pb_module et_flex_module\" href=\"https:\/\/open.spotify.com\/episode\/0CzYtVlOSoHat5K4pnnP7l?si=3W_81qmNQ-OY3K6rIAs5nw\">Encu\u00e9ntranos en Spotify<\/a><\/div>\n\n<div class=\"et_pb_heading_2 et_pb_heading et_pb_module et_flex_module\"><div class=\"et_pb_heading_container\"><h1 class=\"et_pb_module_header\">No te pierdas nuestras actualizaciones<\/h1><\/div><\/div>\n\n<div class=\"et_pb_slider_0 et_pb_slider et_pb_slider_fullwidth_off et_pb_module et_flex_module\"><div class=\"et_pb_slides\">\n<div class=\"et_pb_slide_0 et_pb_slide et_pb_media_alignment_center et_pb_bg_layout_dark et_pb_text_align_left\" data-slide-id=\"divi\/slide-0\"><div class=\"et_pb_container\"><div class=\"et_pb_slider_container_inner\"><div class=\"et_pb_slide_description et_flex_module\"><h2 class=\"et_pb_slide_title\"><a href=\"https:\/\/youtube.com\/@familiadefemty?si=uPs1KrAHHtxRbJM7\" target=\"\" class=\"et_pb_slide_title_link\">Encu\u00e9ntranos en YouTube<\/a><\/h2><div class=\"et_pb_slide_content\"><p>Vive la experiencia completa de nuestros servicios dominicales y series actuales.<\/p>\n<\/div><div class=\"et_pb_button_wrapper\"><a class=\"et_pb_button et_pb_more_button\" href=\"https:\/\/youtube.com\/@familiadefemty?si=uPs1KrAHHtxRbJM7\" data-icon=\"$\">Ver canal<\/a><\/div><\/div><\/div><\/div><\/div>\n\n<div class=\"et_pb_slide_1 et_pb_slide et_pb_media_alignment_center et_pb_bg_layout_dark\" data-slide-id=\"divi\/slide-1\"><div class=\"et_pb_container\"><div class=\"et_pb_slider_container_inner\"><div class=\"et_pb_slide_description et_flex_module\"><h2 class=\"et_pb_slide_title\"><a href=\"https:\/\/open.spotify.com\/episode\/0CzYtVlOSoHat5K4pnnP7l?si=3W_81qmNQ-OY3K6rIAs5nw\" target=\"\" class=\"et_pb_slide_title_link\">Esc\u00fachanos en Spotify<\/a><\/h2><div class=\"et_pb_slide_content\"><p>Lleva el Evangelio contigo a donde vayas. Nuestra serie actual y listas de reproducci\u00f3n est\u00e1n disponibles para acompa\u00f1arte en tu trayecto, trabajo o tiempo de descanso.<\/p>\n<\/div><div class=\"et_pb_button_wrapper\"><a class=\"et_pb_button et_pb_more_button\" href=\"https:\/\/open.spotify.com\/episode\/0CzYtVlOSoHat5K4pnnP7l?si=3W_81qmNQ-OY3K6rIAs5nw\">Abrir Spotify<\/a><\/div><\/div><\/div><\/div><\/div>\n\n<div class=\"et_pb_slide_2 et_pb_slide et_pb_media_alignment_center et_pb_bg_layout_dark\" data-slide-id=\"divi\/slide-2\"><div class=\"et_pb_container\"><div class=\"et_pb_slider_container_inner\"><div class=\"et_pb_slide_description et_flex_module\"><h2 class=\"et_pb_slide_title\"><a href=\"https:\/\/podcasts.apple.com\/mx\/podcast\/iglesia-familia-de-fe-monterrey\/id1740116907\" target=\"\" class=\"et_pb_slide_title_link\">Apple Podcasts<\/a><\/h2><div class=\"et_pb_slide_content\"><h3>Suscr\u00edbete para recibir notificaciones autom\u00e1ticas de cada nuevo serm\u00f3n y episodio del podcast. Una herramienta pr\u00e1ctica para tu discipulado personal y crecimiento espiritual.<\/h3>\n<\/div><div class=\"et_pb_button_wrapper\"><a class=\"et_pb_button et_pb_more_button\" href=\"https:\/\/podcasts.apple.com\/mx\/podcast\/iglesia-familia-de-fe-monterrey\/id1740116907\">Suscribirse<\/a><\/div><\/div><\/div><\/div><\/div>\n\n<div class=\"et_pb_slide_3 et_pb_slide et_pb_media_alignment_center et_pb_bg_layout_dark\" data-slide-id=\"divi\/slide-3\"><div class=\"et_pb_container\"><div class=\"et_pb_slider_container_inner\"><div class=\"et_pb_slide_description et_flex_module\"><h2 class=\"et_pb_slide_title\"><a href=\"https:\/\/music.amazon.com.mx\/podcasts\/19815d16-ff74-40ca-8ee6-4c6403513de0\/iglesia-familia-de-fe-monterrey?ref=dm_sh_sEvn8hj5FVmM0W36EfHyn1Yim\" target=\"\" class=\"et_pb_slide_title_link\">Amazon Music<\/a><\/h2><div class=\"et_pb_slide_content\"><p>Disfruta de todo nuestro contenido de audio con la mejor calidad. Encuentra tanto los sermones dominicales como nuestro podcast misional en un solo lugar.<\/p>\n<\/div><div class=\"et_pb_button_wrapper\"><a class=\"et_pb_button et_pb_more_button\" href=\"https:\/\/music.amazon.com.mx\/podcasts\/19815d16-ff74-40ca-8ee6-4c6403513de0\/iglesia-familia-de-fe-monterrey?ref=dm_sh_sEvn8hj5FVmM0W36EfHyn1Yim\">Escuchar Ahora<\/a><\/div><\/div><\/div><\/div><\/div>\n<\/div><\/div>\n<\/div>\n<\/div>\n<\/div>","protected":false},"excerpt":{"rendered":"","protected":false},"author":1,"featured_media":0,"parent":0,"menu_order":0,"comment_status":"closed","ping_status":"closed","template":"","meta":{"footnotes":""},"class_list":["post-1382","page","type-page","status-publish","hentry"],"_links":{"self":[{"href":"https:\/\/iglesiafamiliadefe.org\/index.php\/wp-json\/wp\/v2\/pages\/1382","targetHints":{"allow":["GET"]}}],"collection":[{"href":"https:\/\/iglesiafamiliadefe.org\/index.php\/wp-json\/wp\/v2\/pages"}],"about":[{"href":"https:\/\/iglesiafamiliadefe.org\/index.php\/wp-json\/wp\/v2\/types\/page"}],"author":[{"embeddable":true,"href":"https:\/\/iglesiafamiliadefe.org\/index.php\/wp-json\/wp\/v2\/users\/1"}],"replies":[{"embeddable":true,"href":"https:\/\/iglesiafamiliadefe.org\/index.php\/wp-json\/wp\/v2\/comments?post=1382"}],"version-history":[{"count":27,"href":"https:\/\/iglesiafamiliadefe.org\/index.php\/wp-json\/wp\/v2\/pages\/1382\/revisions"}],"predecessor-version":[{"id":1489,"href":"https:\/\/iglesiafamiliadefe.org\/index.php\/wp-json\/wp\/v2\/pages\/1382\/revisions\/1489"}],"wp:attachment":[{"href":"https:\/\/iglesiafamiliadefe.org\/index.php\/wp-json\/wp\/v2\/media?parent=1382"}],"curies":[{"name":"wp","href":"https:\/\/api.w.org\/{rel}","templated":true}]}}