{"id":1524,"date":"2026-04-07T05:32:12","date_gmt":"2026-04-07T05:32:12","guid":{"rendered":"https:\/\/iglesiafamiliadefe.org\/?page_id=1524"},"modified":"2026-04-07T06:24:17","modified_gmt":"2026-04-07T06:24:17","slug":"eventos","status":"publish","type":"page","link":"https:\/\/iglesiafamiliadefe.org\/index.php\/eventos\/","title":{"rendered":"Eventos"},"content":{"rendered":"<div class=\"et_pb_section_0 et_pb_section et_section_regular et_flex_section\"><\/div>\n\n<div class=\"et_pb_section_1 et_pb_section et_section_regular et_flex_section\">\n<div class=\"et_pb_row_0 et_pb_row et_flex_row\">\n<div class=\"et_pb_column_0 et_pb_column et-last-child et_flex_column et_pb_css_mix_blend_mode_passthrough et_flex_column_24_24\">\n<div class=\"et_pb_heading_0 et_pb_heading et_pb_module et_flex_module\"><div class=\"et_pb_heading_container\"><h1 class=\"et_pb_module_header\">Prop\u00f3sito<\/h1><\/div><\/div>\n\n<div class=\"et_pb_text_0 et_pb_text et_pb_bg_layout_light et_pb_module et_flex_module\"><div class=\"et_pb_text_inner\" data-et-mv-hidden-phone=\"true\"><h3 style=\"text-align: justify;\"><span style=\"color: #424242; font-family: Montserrat;\">Proclamar a Cristo por medio de Su Palabra, contemplando los \u2018Yo Soy\u2019 del evangelio de Juan, para que juntas vivamos en asombro al reconocer que \u00c9l es suficiente en cada etapa de la vida.<\/span><\/h3>\n<\/div><\/div>\n<\/div>\n<\/div>\n<\/div>\n\n<div class=\"et_pb_section_2 et_pb_section et_section_regular et_flex_section\">\n<div class=\"et_pb_row_1 et_pb_row et_flex_row\">\n<div class=\"et_pb_column_1 et_pb_column et-last-child et_flex_column et_pb_css_mix_blend_mode_passthrough et_flex_column_24_24\">\n<div class=\"et_pb_heading_1 et_pb_heading et_pb_module et_flex_module\"><div class=\"et_pb_heading_container\"><h1 class=\"et_pb_module_header\">ACERCA DE LA CONFERENCIA<\/h1><\/div><\/div>\n<\/div>\n<\/div>\n\n<div class=\"et_pb_row_2 et_pb_row et_flex_row\">\n<div class=\"et_pb_column_2 et_pb_column et_flex_column et_pb_css_mix_blend_mode_passthrough et_flex_column_12_24 et_flex_column_24_24_phone\">\n<ul class=\"et_pb_icon_list_0 et_pb_icon_list et_pb_module et_flex_module\">\n<li class=\"et_pb_icon_list_item_0 et_pb_icon_list_item et_pb_module et_flex_module\"><span class=\"et-pb-icon\">\uf073<\/span><div class=\"et_pb_icon_list_text\">17 y 18 de julio del 2026<\/div><\/li>\n\n<li class=\"et_pb_icon_list_item_1 et_pb_icon_list_item et_pb_module et_flex_module\"><span class=\"et-pb-icon\">\uf3c5<\/span><div class=\"et_pb_icon_list_text\">Plaza Valle Alto, Carretera Nacional 777D-KM 268, CP 64988<\/div><\/li>\n\n<li class=\"et_pb_icon_list_item_2 et_pb_icon_list_item et_pb_module et_flex_module\"><span class=\"et-pb-icon\">\uf017<\/span><div class=\"et_pb_icon_list_text\">Registro Inicia 5:00 PM<\/div><\/li>\n<\/ul>\n<\/div>\n\n<div class=\"et_pb_column_3 et_pb_column et-last-child et_flex_column et_pb_css_mix_blend_mode_passthrough et_flex_column_12_24 et_flex_column_24_24_phone\">\n<div class=\"et_pb_heading_2 et_pb_heading et_pb_module et_flex_module\"><div class=\"et_pb_heading_container\"><h1 class=\"et_pb_module_header\">La espera casi termina<\/h1><\/div><\/div>\n\n<div class=\"et_pb_countdown_timer_0 et_pb_countdown_timer et_pb_bg_layout_dark et_pb_no_bg et_pb_module et_flex_module\" data-end-timestamp=\"1784307600\"><div class=\"et_pb_countdown_timer_container clearfix\"><h1 class=\"title\" data-et-mv-hidden-phone=\"true\"><\/h1><div class=\"days section values\" data-short=\"D\" data-full=\"Day(s)\"><p class=\"value\"><\/p><p class=\"label\">Day(s)<\/p><\/div><div class=\"sep section\"><p>:<\/p><\/div><div class=\"hours section values\" data-short=\"Hr\" data-full=\"Hour(s)\"><p class=\"value\"><\/p><p class=\"label\">Hour(s)<\/p><\/div><div class=\"sep section\"><p>:<\/p><\/div><div class=\"minutes section values\" data-short=\"Min\" data-full=\"Minute(s)\"><p class=\"value\"><\/p><p class=\"label\">Minute(s)<\/p><\/div><div class=\"sep section\"><p>:<\/p><\/div><div class=\"seconds section values\" data-short=\"Sec\" data-full=\"Second(s)\"><p class=\"value\"><\/p><p class=\"label\">Second(s)<\/p><\/div><\/div><\/div>\n\n<div class=\"et_pb_module et_pb_button_module_wrapper et_pb_button_0_wrapper\"><a class=\"et_pb_button_0 et_pb_button et_pb_bg_layout_light et_pb_module et_flex_module\" href=\"https:\/\/docs.google.com\/forms\/d\/e\/1FAIpQLScU5F_2XZOcrlP76r1IvrztCrg3JS6P9e1CkshTmOTevpKciQ\/viewform\">\u00a1Reg\u00edstrate!<\/a><\/div>\n<\/div>\n<\/div>\n<\/div>\n\n<div class=\"et_pb_section_3 et_pb_section et_section_regular et_flex_section\">\n<div class=\"et_pb_row_3 et_pb_row et_flex_row\">\n<div class=\"et_pb_column_4 et_pb_column et-last-child et_flex_column et_pb_css_mix_blend_mode_passthrough et_flex_column_24_24\">\n<div class=\"et_pb_heading_3 et_pb_heading et_pb_module et_flex_module\"><div class=\"et_pb_heading_container\"><h1 class=\"et_pb_module_header\">CONFERENCISTAS<\/h1><\/div><\/div>\n<\/div>\n<\/div>\n\n<div class=\"et_pb_row_4 et_pb_row et_flex_row\">\n<div class=\"et_pb_column_5 et_pb_column et_flex_column et_pb_css_mix_blend_mode_passthrough et_flex_column_12_24 et_flex_column_24_24_phone\">\n<div class=\"et_pb_image_0 et_pb_image et_pb_module et_flex_module\"><span class=\"et_pb_image_wrap\"><img loading=\"lazy\" decoding=\"async\" src=\"https:\/\/iglesiafamiliadefe.org\/wp-content\/uploads\/2026\/04\/PONENTES-77-1-scaled.jpg\" title=\"PONENTES-77\" width=\"2048\" height=\"2560\" srcset=\"https:\/\/iglesiafamiliadefe.org\/wp-content\/uploads\/2026\/04\/PONENTES-77-1-scaled.jpg 2048w, https:\/\/iglesiafamiliadefe.org\/wp-content\/uploads\/2026\/04\/PONENTES-77-1-1280x1600.jpg 1280w, https:\/\/iglesiafamiliadefe.org\/wp-content\/uploads\/2026\/04\/PONENTES-77-1-980x1225.jpg 980w, https:\/\/iglesiafamiliadefe.org\/wp-content\/uploads\/2026\/04\/PONENTES-77-1-480x600.jpg 480w\" sizes=\"(min-width: 0px) and (max-width: 480px) 480px, (min-width: 481px) and (max-width: 980px) 980px, (min-width: 981px) and (max-width: 1280px) 1280px, (min-width: 1281px) 2048px, 100vw\" class=\"wp-image-1556\" \/><\/span><\/div>\n\n<div class=\"et_pb_toggle_0 et_pb_toggle et_pb_toggle_item et_pb_toggle_close et_pb_module et_flex_module\"><h5 class=\"et_pb_toggle_title\">CONOCE M\u00c1S<\/h5><div class=\"et_pb_toggle_content clearfix et_flex_module\"><p style=\"text-align: justify;\"><span style=\"font-family: Montserrat; font-weight: normal;\">Catherine Scheraldi de N\u00fa\u00f1ez Es doctora en medicina con especialidad en endocrinolog\u00eda, esposa del pastor Miguel N\u00fa\u00f1ez, y una fiel sierva comprometida con la ense\u00f1anza b\u00edblica para las mujeres. Sirve activamente en la Iglesia Bautista Internacional, donde dirige el ministerio de mujeres \u201cEzer\u201d, y es conferencista y maestra de la Palabra, enfocada en aplicar el evangelio a la vida diaria. Adem\u00e1s, conduce el programa \u201cMujer para la gloria de Dios\u201d y ha colaborado en recursos cristianos que integran la verdad b\u00edblica con una perspectiva pr\u00e1ctica para la mujer de hoy.<\/span><\/p>\n<\/div><\/div>\n\n<div class=\"et_pb_module et_pb_button_module_wrapper et_pb_button_1_wrapper\"><a class=\"et_pb_button_1 et_pb_button et_pb_bg_layout_light et_pb_module et_flex_module\" href=\"https:\/\/docs.google.com\/forms\/d\/e\/1FAIpQLScU5F_2XZOcrlP76r1IvrztCrg3JS6P9e1CkshTmOTevpKciQ\/viewform\">\u00a1Reg\u00edstrate!<\/a><\/div>\n<\/div>\n\n<div class=\"et_pb_column_6 et_pb_column et-last-child et_flex_column et_pb_css_mix_blend_mode_passthrough et_flex_column_12_24 et_flex_column_24_24_phone\">\n<div class=\"et_pb_image_1 et_pb_image et_pb_module et_flex_module\"><span class=\"et_pb_image_wrap\"><img loading=\"lazy\" decoding=\"async\" src=\"https:\/\/iglesiafamiliadefe.org\/wp-content\/uploads\/2026\/04\/PONENTES-76-scaled.jpg\" title=\"PONENTES-76\" width=\"2048\" height=\"2560\" srcset=\"https:\/\/iglesiafamiliadefe.org\/wp-content\/uploads\/2026\/04\/PONENTES-76-scaled.jpg 2048w, https:\/\/iglesiafamiliadefe.org\/wp-content\/uploads\/2026\/04\/PONENTES-76-1280x1600.jpg 1280w, https:\/\/iglesiafamiliadefe.org\/wp-content\/uploads\/2026\/04\/PONENTES-76-980x1225.jpg 980w, https:\/\/iglesiafamiliadefe.org\/wp-content\/uploads\/2026\/04\/PONENTES-76-480x600.jpg 480w\" sizes=\"(min-width: 0px) and (max-width: 480px) 480px, (min-width: 481px) and (max-width: 980px) 980px, (min-width: 981px) and (max-width: 1280px) 1280px, (min-width: 1281px) 2048px, 100vw\" class=\"wp-image-1557\" \/><\/span><\/div>\n\n<div class=\"et_pb_toggle_1 et_pb_toggle et_pb_toggle_item et_pb_toggle_close et_pb_module et_flex_module\"><h5 class=\"et_pb_toggle_title\">CONOCE M\u00c1S<\/h5><div class=\"et_pb_toggle_content clearfix et_flex_module\"><p style=\"text-align: justify;\"><span style=\"font-family: Montserrat; font-weight: normal;\">Es una mujer comprometida con el discipulado y la ense\u00f1anza b\u00edblica, sirviendo activamente en el ministerio de mujeres dentro de su iglesia local en San Antonio, Texas. Su pasi\u00f3n es guiar a otras mujeres a conocer, amar y vivir el evangelio con fidelidad en cada \u00e1rea de sus vidas. A trav\u00e9s de la ense\u00f1anza, el acompa\u00f1amiento y su testimonio, anima a las mujeres a crecer en su relaci\u00f3n con Cristo y a reflejar Su gloria en lo cotidiano.<\/span><\/p>\n<\/div><\/div>\n<\/div>\n<\/div>\n<\/div>\n\n<div class=\"et_pb_section_4 et_pb_section et_section_regular et_flex_section\">\n<div class=\"et_pb_row_5 et_pb_row et_flex_row\">\n<div class=\"et_pb_column_7 et_pb_column et-last-child et_flex_column et_pb_css_mix_blend_mode_passthrough et_flex_column_24_24\">\n<div class=\"et_pb_heading_4 et_pb_heading et_pb_module et_flex_module\"><div class=\"et_pb_heading_container\"><h1 class=\"et_pb_module_header\">COSTO DEL EVENTO<\/h1><\/div><\/div>\n\n<div class=\"et_pb_pricing_tables_0 et_pb_pricing_tables et_pb_pricing clearfix et_pb_pricing_no_bullet et_pb_pricing_2 et_pb_no_featured_in_first_row et_pb_module et_flex_module\">\n<div class=\"et_pb_pricing_table_0 et_pb_pricing_table et_flex_column_12_24 et_pb_module et_flex_module\"><div class=\"et_pb_pricing_heading\"><h2 class=\"et_pb_pricing_title\">\u00a1REG\u00cdSTRATE!<\/h2><span class=\"et_pb_best_value\">ABRIL Y MAYO<\/span><\/div><div class=\"et_pb_pricing_content_top\"><div class=\"et_pb_et_price\"><span class=\"et_pb_dollar_sign\">$<\/span><span class=\"et_pb_sum\">500<\/span><\/div><\/div><div class=\"et_pb_pricing_content\"><ul class=\"et_pb_pricing\"><\/ul><\/div><\/div>\n\n<div class=\"et_pb_pricing_table_1 et_pb_pricing_table et_flex_column_12_24 et_pb_module et_flex_module\"><div class=\"et_pb_pricing_heading\"><h2 class=\"et_pb_pricing_title\">A PARTIR DEL <\/h2><span class=\"et_pb_best_value\">1ro DE JUNIO<\/span><\/div><div class=\"et_pb_pricing_content_top\"><div class=\"et_pb_et_price\"><span class=\"et_pb_dollar_sign\">$<\/span><span class=\"et_pb_sum\">600<\/span><\/div><\/div><div class=\"et_pb_pricing_content\"><ul class=\"et_pb_pricing\"><\/ul><\/div><\/div>\n<\/div>\n\n<ul class=\"et_pb_icon_list_1 et_pb_icon_list et_pb_module et_flex_module\">\n<li class=\"et_pb_icon_list_item_3 et_pb_icon_list_item et_pb_module et_flex_module\"><span class=\"et-pb-icon\">\uf069<\/span><div class=\"et_pb_icon_list_text\">\u00a1CUPO LIMITADO! REG\u00cdSTRATE ANTES DE QUE SE ACABEN LOS LUGARES<\/div><\/li>\n\n<li class=\"et_pb_icon_list_item_4 et_pb_icon_list_item et_pb_module et_flex_module\"><span class=\"et-pb-icon\">\uf069<\/span><div class=\"et_pb_icon_list_text\">POR TU COMODIDAD, NO NI\u00d1OS. S\u00d3LO LACTANTES MENORES A UN A\u00d1O<\/div><\/li>\n<\/ul>\n\n<div class=\"et_pb_module et_pb_button_module_wrapper et_pb_button_2_wrapper\"><a class=\"et_pb_button_2 et_pb_button et_pb_bg_layout_light et_pb_module et_flex_module\" href=\"https:\/\/docs.google.com\/forms\/d\/e\/1FAIpQLScU5F_2XZOcrlP76r1IvrztCrg3JS6P9e1CkshTmOTevpKciQ\/viewform\">\u00a1Reg\u00edstrate!<\/a><\/div>\n<\/div>\n<\/div>\n<\/div>","protected":false},"excerpt":{"rendered":"","protected":false},"author":1,"featured_media":0,"parent":0,"menu_order":0,"comment_status":"closed","ping_status":"closed","template":"","meta":{"footnotes":""},"class_list":["post-1524","page","type-page","status-publish","hentry"],"_links":{"self":[{"href":"https:\/\/iglesiafamiliadefe.org\/index.php\/wp-json\/wp\/v2\/pages\/1524","targetHints":{"allow":["GET"]}}],"collection":[{"href":"https:\/\/iglesiafamiliadefe.org\/index.php\/wp-json\/wp\/v2\/pages"}],"about":[{"href":"https:\/\/iglesiafamiliadefe.org\/index.php\/wp-json\/wp\/v2\/types\/page"}],"author":[{"embeddable":true,"href":"https:\/\/iglesiafamiliadefe.org\/index.php\/wp-json\/wp\/v2\/users\/1"}],"replies":[{"embeddable":true,"href":"https:\/\/iglesiafamiliadefe.org\/index.php\/wp-json\/wp\/v2\/comments?post=1524"}],"version-history":[{"count":21,"href":"https:\/\/iglesiafamiliadefe.org\/index.php\/wp-json\/wp\/v2\/pages\/1524\/revisions"}],"predecessor-version":[{"id":1632,"href":"https:\/\/iglesiafamiliadefe.org\/index.php\/wp-json\/wp\/v2\/pages\/1524\/revisions\/1632"}],"wp:attachment":[{"href":"https:\/\/iglesiafamiliadefe.org\/index.php\/wp-json\/wp\/v2\/media?parent=1524"}],"curies":[{"name":"wp","href":"https:\/\/api.w.org\/{rel}","templated":true}]}}