{"id":433,"date":"2022-02-03T23:01:14","date_gmt":"2022-02-03T23:01:14","guid":{"rendered":"http:\/\/iglesiafamiliadefe.org\/?page_id=433"},"modified":"2026-04-02T05:52:12","modified_gmt":"2026-04-02T05:52:12","slug":"contacto","status":"publish","type":"page","link":"https:\/\/iglesiafamiliadefe.org\/index.php\/contacto\/","title":{"rendered":"Contacto"},"content":{"rendered":"<div class=\"et_pb_section_0 et_pb_section et_section_regular et_block_section\">\n<div class=\"et_pb_row_0 et_pb_row et_flex_row\">\n<div class=\"et_pb_column_0 et_pb_column et_flex_column et_pb_column_empty et_pb_css_mix_blend_mode_passthrough et_flex_column_12_24 et_flex_column_24_24_phone\"><\/div>\n\n<div class=\"et_pb_column_1 et_pb_column et-last-child et_flex_column et_pb_css_mix_blend_mode_passthrough et_flex_column_12_24 et_flex_column_24_24_phone\">\n<div class=\"et_pb_text_0 et_pb_text et_pb_bg_layout_light et_pb_module et_flex_module\"><div class=\"et_pb_text_inner\"><div id=\"comp-lrn31mzf\" class=\"Z_l5lU ku3DBC zQ9jDz qvSjx3 Vq6kJx comp-lrn31mzf wixui-rich-text\" data-testid=\"richTextElement\">\n<h2 class=\"font_2 wixui-rich-text__text\"><span class=\"wixui-rich-text__text\"><span style=\"color: #fcbc2b;\"><em><span class=\"color_18 wixui-rich-text__text\" style=\"font-family: Enriqueta; font-weight: normal;\">Cont\u00e1ctanos<\/span><\/em><\/span><\/span><\/h2>\n<\/div>\n<\/div><\/div>\n\n<div class=\"et_pb_text_1 et_pb_text et_pb_bg_layout_light et_pb_module et_flex_module\"><div class=\"et_pb_text_inner\"><div id=\"comp-lrn31mzf\" class=\"Z_l5lU ku3DBC zQ9jDz qvSjx3 Vq6kJx comp-lrn31mzf wixui-rich-text\" data-testid=\"richTextElement\">\n<h5 class=\"font_5 wixui-rich-text__text\">Queremos saber de ti.<\/h5>\n<\/div>\n<\/div><\/div>\n\n<div class=\"et_pb_row_1 et_pb_row et_pb_row_nested et_flex_row\">\n<div class=\"et_pb_column_2 et_pb_column et_flex_column et_pb_css_mix_blend_mode_passthrough et_flex_column_12_24 et_flex_column_24_24_phone\">\n<div class=\"et_pb_blurb_0 et_pb_blurb et_pb_bg_layout_light et_pb_blurb_position_left et_pb_module et_flex_module\"><div class=\"et_pb_blurb_content et_flex_module\"><div class=\"et_pb_main_blurb_image\"><span class=\"et_pb_image_wrap\"><span class=\"et-pb-icon et-waypoint et_pb_animation_top et_pb_animation_top_tablet et_pb_animation_top_phone\">\ue090<\/span><\/span><\/div><div class=\"et_pb_blurb_container\"><h4 class=\"et_pb_module_header\">Tel\u00e9fono<\/h4><div class=\"et_pb_blurb_description\"><div id=\"comp-lrxyfote3\" class=\"Z_l5lU ku3DBC zQ9jDz qvSjx3 Vq6kJx comp-lrxyfote3 wixui-rich-text\" data-testid=\"richTextElement\">\n<p class=\"font_8 wixui-rich-text__text\"><span class=\"wixui-rich-text__text\">+52\u00a081 3385 6667<\/span><\/p>\n<\/div>\n<div id=\"comp-lsh9pe4i\" role=\"\" class=\"PiVxGu MDrwHQ comp-lsh9pe4i-container comp-lsh9pe4i wixui-box\" dir=\"ltr\"><\/div>\n<\/div><\/div><\/div><\/div>\n<\/div>\n\n<div class=\"et_pb_column_3 et_pb_column et-last-child et_flex_column et_pb_css_mix_blend_mode_passthrough et_flex_column_12_24 et_flex_column_24_24_phone\">\n<div class=\"et_pb_blurb_1 et_pb_blurb et_pb_bg_layout_light et_pb_blurb_position_left et_pb_module et_flex_module\"><div class=\"et_pb_blurb_content et_flex_module\"><div class=\"et_pb_main_blurb_image\"><span class=\"et_pb_image_wrap\"><span class=\"et-pb-icon et-waypoint et_pb_animation_top et_pb_animation_top_tablet et_pb_animation_top_phone\">\uf0e0<\/span><\/span><\/div><div class=\"et_pb_blurb_container\"><h4 class=\"et_pb_module_header\">Correo<\/h4><div class=\"et_pb_blurb_description\"><div id=\"comp-lrxyfote3\" class=\"Z_l5lU ku3DBC zQ9jDz qvSjx3 Vq6kJx comp-lrxyfote3 wixui-rich-text\" data-testid=\"richTextElement\">\n<p class=\"font_8 wixui-rich-text__text\"><a data-auto-recognition=\"true\" href=\"mailto:hola@iglesiafamiliadefe.org\" class=\"wixui-rich-text__text\">familiadefemty@gmail.com<\/a><\/p>\n<\/div>\n<div id=\"comp-lsh9pe4i\" role=\"\" class=\"PiVxGu MDrwHQ comp-lsh9pe4i-container comp-lsh9pe4i wixui-box\" dir=\"ltr\"><\/div>\n<\/div><\/div><\/div><\/div>\n<\/div>\n<\/div>\n\n<div class=\"et_pb_row_2 et_pb_row et_pb_row_nested et_flex_row\">\n<div class=\"et_pb_column_4 et_pb_column et-last-child et_flex_column et_pb_css_mix_blend_mode_passthrough et_flex_column_24_24 et_flex_column_24_24_tablet et_flex_column_24_24_phone\">\n<div class=\"et_pb_blurb_2 et_pb_blurb et_pb_bg_layout_light et_pb_blurb_position_left et_pb_module et_flex_module\"><div class=\"et_pb_blurb_content et_flex_module\"><div class=\"et_pb_main_blurb_image\"><span class=\"et_pb_image_wrap\"><span class=\"et-pb-icon et-waypoint et_pb_animation_top et_pb_animation_top_tablet et_pb_animation_top_phone\">\ue081<\/span><\/span><\/div><div class=\"et_pb_blurb_container\"><h4 class=\"et_pb_module_header\">Direcci\u00f3n<\/h4><div class=\"et_pb_blurb_description\"><div id=\"comp-lrxyfote3\" class=\"Z_l5lU ku3DBC zQ9jDz qvSjx3 Vq6kJx comp-lrxyfote3 wixui-rich-text\" data-testid=\"richTextElement\">\n<p class=\"font_8 wixui-rich-text__text\"><span class=\"wixui-rich-text__text\">Paseo de las Am\u00e9ricas 2403, Contry La Silla 8o Sector,<br \/><\/span><span class=\"wixui-rich-text__text\">C.P. 67173, Guadalupe, N.L.<\/span><\/p>\n<\/div>\n<div id=\"comp-lsh9pe4i\" role=\"\" class=\"PiVxGu MDrwHQ comp-lsh9pe4i-container comp-lsh9pe4i wixui-box\" dir=\"ltr\"><\/div>\n<\/div><\/div><\/div><\/div>\n\n<div class=\"et_pb_blurb_3 et_pb_blurb et_pb_bg_layout_light et_pb_blurb_position_left et_pb_module et_flex_module\"><div class=\"et_pb_blurb_content et_flex_module\"><div class=\"et_pb_main_blurb_image\"><a href=\"https:\/\/maps.app.goo.gl\/aajWzPrSymN6cFFk6\"><span class=\"et_pb_image_wrap et_pb_only_image_mode_wrap\"><img loading=\"lazy\" decoding=\"async\" src=\"https:\/\/iglesiafamiliadefe.org\/wp-content\/uploads\/2026\/02\/5ba2f6_e8d66fae67804f479f92f1089bad4806mv2.png\" width=\"1000\" height=\"1000\" srcset=\"https:\/\/iglesiafamiliadefe.org\/wp-content\/uploads\/2026\/02\/5ba2f6_e8d66fae67804f479f92f1089bad4806mv2.png 1000w, https:\/\/iglesiafamiliadefe.org\/wp-content\/uploads\/2026\/02\/5ba2f6_e8d66fae67804f479f92f1089bad4806mv2-980x980.png 980w, https:\/\/iglesiafamiliadefe.org\/wp-content\/uploads\/2026\/02\/5ba2f6_e8d66fae67804f479f92f1089bad4806mv2-480x480.png 480w\" sizes=\"(min-width: 0px) and (max-width: 480px) 480px, (min-width: 481px) and (max-width: 980px) 980px, (min-width: 981px) 1000px, 100vw\" class=\"et-waypoint et_pb_animation_top et_pb_animation_top_tablet et_pb_animation_top_phone wp-image-1052\" title=\"5ba2f6_e8d66fae67804f479f92f1089bad4806~mv2\" \/><\/span><\/a><\/div><div class=\"et_pb_blurb_container\"><h4 class=\"et_pb_module_header\"><a href=\"https:\/\/maps.app.goo.gl\/aajWzPrSymN6cFFk6\">Google Maps<\/a><\/h4><\/div><\/div><\/div>\n<\/div>\n<\/div>\n\n<div class=\"et_pb_row_3 et_pb_row et_pb_row_nested et_flex_row\">\n<div class=\"et_pb_column_5 et_pb_column et-last-child et_flex_column et_pb_css_mix_blend_mode_passthrough et_flex_column_24_24 et_flex_column_24_24_tablet et_flex_column_24_24_phone\">\n<ul class=\"et_pb_social_media_follow_0 et_pb_social_media_follow clearfix et_pb_bg_layout_light et_pb_module et_flex_module\">\n<li class=\"et_pb_social_media_follow_network_0 et_pb_social_media_follow_network et_pb_social_icon et_pb_social_network_link et-social-facebook et_pb_module et_flex_module\"><a href=\"https:\/\/www.facebook.com\/familiadefemty\" class=\"icon\" target=\"_self\" title=\"Follow on Facebook\" rel=\"noopener\"><span class=\"et_pb_social_media_follow_network_name\">Follow<\/span><\/a><\/li>\n\n<li class=\"et_pb_social_media_follow_network_1 et_pb_social_media_follow_network et_pb_social_icon et_pb_social_network_link et-social-instagram et_pb_module et_flex_module\"><a href=\"https:\/\/www.instagram.com\/familiadefemty\/\" class=\"icon\" target=\"_self\" title=\"Follow on Instagram\" rel=\"noopener\"><span class=\"et_pb_social_media_follow_network_name\">Follow<\/span><\/a><\/li>\n\n<li class=\"et_pb_social_media_follow_network_2 et_pb_social_media_follow_network et_pb_social_icon et_pb_social_network_link et-social-youtube et_pb_module et_flex_module\"><a href=\"https:\/\/www.youtube.com\/@familiadefemty\" class=\"icon\" target=\"_self\" title=\"Follow on Youtube\" rel=\"noopener\"><span class=\"et_pb_social_media_follow_network_name\">Follow<\/span><\/a><\/li>\n\n<li class=\"et_pb_social_media_follow_network_3 et_pb_social_media_follow_network et_pb_social_icon et_pb_social_network_link et-pb-social-fa-icon et-social-spotify et_pb_module et_flex_module\"><a href=\"https:\/\/open.spotify.com\/show\/22AvD6yWH9LVlBFT0OS66k\" class=\"icon\" target=\"_self\" title=\"Follow on Spotify\" rel=\"noopener\"><span class=\"et_pb_social_media_follow_network_name\">Follow<\/span><\/a><\/li>\n\n<li class=\"et_pb_social_media_follow_network_4 et_pb_social_media_follow_network et_pb_social_icon et_pb_social_network_link et-pb-social-fa-icon et-social-whatsapp et_pb_module et_flex_module\"><a href=\"https:\/\/wa.me\/+528133856667\" class=\"icon\" target=\"_self\" title=\"Follow on WhatsApp\" rel=\"noopener\"><span class=\"et_pb_social_media_follow_network_name\">Follow<\/span><\/a><\/li>\n<\/ul>\n<\/div>\n<\/div>\n<\/div>\n<\/div>\n<\/div>\n\n<div class=\"et_pb_section_1 et_pb_section et_section_regular et_flex_section\">\n<div class=\"et_pb_row_4 et_pb_row et_flex_row\">\n<div class=\"et_pb_column_6 et_pb_column et-last-child et_flex_column et_pb_css_mix_blend_mode_passthrough et_flex_column_24_24\">\n<div class=\"et_pb_text_2 et_pb_text et_pb_bg_layout_light et_pb_module et_flex_module\"><div class=\"et_pb_text_inner\"><div id=\"comp-lrn31mzf\" class=\"Z_l5lU ku3DBC zQ9jDz qvSjx3 Vq6kJx comp-lrn31mzf wixui-rich-text\" data-testid=\"richTextElement\">\n<h2 class=\"font_2 wixui-rich-text__text\"><span class=\"wixui-rich-text__text\">Env\u00edanos un<\/span>\u00a0<span style=\"color: #fcbc2b;\"><em><span class=\"color_18 wixui-rich-text__text\" style=\"font-family: Enriqueta; font-weight: normal;\">Mensaje<\/span><\/em><\/span><\/h2>\n<div id=\"comp-lrxywpyt\" class=\"Z_l5lU ku3DBC zQ9jDz qvSjx3 Vq6kJx comp-lrxywpyt wixui-rich-text\" data-testid=\"richTextElement\">\n<p class=\"font_8 wixui-rich-text__text\"><span class=\"wixui-rich-text__text\">Si tienes alguna duda, est\u00e1s buscando consejer\u00eda o apoyo espiritual y necesitas oraci\u00f3n, por favor, no dudes en llenar el formulario. Nos esforzaremos por responderte a la mayor brevedad posible.<\/span><\/p>\n<\/div>\n<\/div>\n<\/div><\/div>\n\n<div class=\"et_pb_contact_form_0 et_pb_contact_form_container clearfix et_pb_module et_flex_module\" data-form_unique_num=\"0\" data-form_unique_id=\"6e13ca90-5519-4bf0-ad29-4569db030224\" id=\"et_pb_contact_form_6e13ca90-5519-4bf0-ad29-4569db030224\"><div class=\"et-pb-contact-message\"><\/div><div class=\"et_pb_contact\"><form class=\"et_pb_contact_form et_flex_module\" method=\"post\" action=\"https:\/\/iglesiafamiliadefe.org\/index.php\/wp-json\/wp\/v2\/pages\/433\">\n<div class=\"et_pb_contact_field_0 et_pb_contact_field et_pb_module et_flex_module et_flex_column_12_24 et_flex_column_24_24_phone\" data-id=\"name\" data-type=\"input\"><label class=\"et_pb_contact_form_label\">Nombre<\/label><input type=\"text\" name=\"et_pb_contact_0_name_0\" id=\"et_pb_contact_0_name_0\" class=\"input\" data-required_mark=\"required\" data-field_type=\"input\" data-original_id=\"name\" placeholder=\"Nombre\" title=\"\" value=\"\" \/><\/div>\n\n<div class=\"et_pb_contact_field_1 et_pb_contact_field et_pb_module et_flex_module et_flex_column_12_24 et_flex_column_24_24_phone\" data-id=\"name_2\" data-type=\"input\"><label class=\"et_pb_contact_form_label\">Apellido<\/label><input type=\"text\" name=\"et_pb_contact_0_name_2_1\" id=\"et_pb_contact_0_name_2_1\" class=\"input\" data-required_mark=\"required\" data-field_type=\"input\" data-original_id=\"name_2\" placeholder=\"Apellido\" title=\"\" value=\"\" \/><\/div>\n\n<div class=\"et_pb_contact_field_2 et_pb_contact_field et_pb_module et_flex_module et_flex_column_12_24 et_flex_column_24_24_phone\" data-id=\"email\" data-type=\"email\"><label class=\"et_pb_contact_form_label\">Correo<\/label><input type=\"text\" name=\"et_pb_contact_0_email_2\" id=\"et_pb_contact_0_email_2\" class=\"input\" data-required_mark=\"required\" data-field_type=\"email\" data-original_id=\"email\" placeholder=\"Correo\" title=\"\" value=\"\" \/><\/div>\n\n<div class=\"et_pb_contact_field_3 et_pb_contact_field et_pb_module et_flex_module et_flex_column_12_24 et_flex_column_24_24_phone\" data-id=\"email_2\" data-type=\"input\"><label class=\"et_pb_contact_form_label\">Whatsapp<\/label><input type=\"text\" name=\"et_pb_contact_0_email_2_3\" id=\"et_pb_contact_0_email_2_3\" class=\"input\" data-required_mark=\"not_required\" data-field_type=\"input\" data-original_id=\"email_2\" placeholder=\"Whatsapp\" pattern=\"[0-9\\s\\-]{10,10}\" title=\"Only numbers allowed.Minimum length: 10 characters. Maximum length: 10 characters.\" maxlength=\"10\" value=\"\" \/><\/div>\n\n<div class=\"et_pb_contact_field_4 et_pb_contact_field et_pb_module et_flex_module et_flex_column_24_24\" data-id=\"message\" data-type=\"text\"><label class=\"et_pb_contact_form_label\">Mensaje<\/label><textarea name=\"et_pb_contact_0_message_4\" id=\"et_pb_contact_0_message_4\" class=\"et_pb_contact_message input\" data-required_mark=\"required\" data-field_type=\"text\" data-original_id=\"message\" placeholder=\"Mensaje\"><\/textarea><\/div>\n<input type=\"hidden\" name=\"et_pb_contactform_submit_6e13ca90-5519-4bf0-ad29-4569db030224\" value=\"et_contact_proccess\" \/><div class=\"et_contact_bottom_container\"><div class=\"et_pb_contact_right et_pb_contact_field\"><p class=\"clearfix\"><span class=\"et_pb_contact_captcha_question\">15 + 5<\/span> = <input type=\"text\" size=\"2\" class=\"input et_pb_contact_captcha\" data-first_digit=\"15\" data-second_digit=\"5\" data-required_mark=\"required\" name=\"et_pb_contact_captcha_6e13ca90-5519-4bf0-ad29-4569db030224\" autocomplete=\"off\" \/><\/p><\/div><div class=\"et_pb_button_wrapper\"><button type=\"submit\" name=\"et_builder_submit_button\" class=\"et_pb_button et_pb_contact_submit\">Enviar<\/button><\/div><\/div><input type=\"hidden\" id=\"_wpnonce-et-pb-contact-form-submitted-6e13ca90-5519-4bf0-ad29-4569db030224\" name=\"_wpnonce-et-pb-contact-form-submitted-6e13ca90-5519-4bf0-ad29-4569db030224\" value=\"eac1e19859\" \/><input type=\"hidden\" name=\"_wp_http_referer\" value=\"\/index.php\/wp-json\/wp\/v2\/pages\/433\" \/><\/form><\/div><\/div>\n<\/div>\n<\/div>\n<\/div>","protected":false},"excerpt":{"rendered":"","protected":false},"author":1,"featured_media":0,"parent":0,"menu_order":0,"comment_status":"closed","ping_status":"closed","template":"","meta":{"footnotes":""},"class_list":["post-433","page","type-page","status-publish","hentry"],"_links":{"self":[{"href":"https:\/\/iglesiafamiliadefe.org\/index.php\/wp-json\/wp\/v2\/pages\/433","targetHints":{"allow":["GET"]}}],"collection":[{"href":"https:\/\/iglesiafamiliadefe.org\/index.php\/wp-json\/wp\/v2\/pages"}],"about":[{"href":"https:\/\/iglesiafamiliadefe.org\/index.php\/wp-json\/wp\/v2\/types\/page"}],"author":[{"embeddable":true,"href":"https:\/\/iglesiafamiliadefe.org\/index.php\/wp-json\/wp\/v2\/users\/1"}],"replies":[{"embeddable":true,"href":"https:\/\/iglesiafamiliadefe.org\/index.php\/wp-json\/wp\/v2\/comments?post=433"}],"version-history":[{"count":40,"href":"https:\/\/iglesiafamiliadefe.org\/index.php\/wp-json\/wp\/v2\/pages\/433\/revisions"}],"predecessor-version":[{"id":1338,"href":"https:\/\/iglesiafamiliadefe.org\/index.php\/wp-json\/wp\/v2\/pages\/433\/revisions\/1338"}],"wp:attachment":[{"href":"https:\/\/iglesiafamiliadefe.org\/index.php\/wp-json\/wp\/v2\/media?parent=433"}],"curies":[{"name":"wp","href":"https:\/\/api.w.org\/{rel}","templated":true}]}}